{"id":1834,"date":"2023-08-06T07:54:21","date_gmt":"2023-08-06T07:54:21","guid":{"rendered":"https:\/\/annaherbst.com\/?page_id=1834"},"modified":"2023-08-06T07:54:21","modified_gmt":"2023-08-06T07:54:21","slug":"presse","status":"publish","type":"page","link":"https:\/\/annaherbst.com\/en\/presse\/","title":{"rendered":"Presse"},"content":{"rendered":"<p><u><strong>Die Sch\u00f6pfung<\/u><\/strong><\/p>\n<p>\u201eEs war ein Vergn\u00fcgen zu erleben, wie Sopranistin Anna Herbst mit ihrer Rolle (Eva und Gabriel) spielte.<br \/>\nDie international bekannte und auf Opernb\u00fchnen erfolgreiche S\u00e4ngerin hatte hellen Jubel in ihre bezaubernde Stimme gelegt.\u201c<\/p>\n<p><strong><em>Die Sch\u00f6pfung in der K\u00f6lner Philharmonie, Kritik aus dem K\u00f6lner Stadtanzeiger<\/strong><\/em><\/p>\n<p>&nbsp;<\/p>\n<p><strong><u>Mendelssohn Lobgesang<\/u><\/strong><\/p>\n<p>\u201eAnna Herbst erfreute mit nuancenreichem, geschmeidigem Sopran.\u201c <\/p>\n<p>&nbsp;<\/p>\n<p><strong><u>Die Sch\u00f6pfung<\/u><\/strong><\/p>\n<p>\u201eFrisch, lebhaft und beweglich sang Herbst ihre Partien (Gabriel und Eva)\u201c<\/p>\n<p><strong><em>Die Sch\u00f6pfung in der K\u00f6lner Philharmonie, Kritik aus der K\u00f6lnischen Rundschau<\/em><\/strong><\/p>\n<p>&nbsp;<\/p>\n<p><strong><u>Rossini: Petite Messe solennelle<\/u><\/strong><\/p>\n<p>\u201eAnna Herbst, die schon mehrfach in der K\u00f6lner Oper aufgetreten ist, gl\u00e4nzte mit hellem und reinem, sehr ausdrucksstarkem Sopran, strahlend ihr anf\u00e4ngliches \u201eGloria\u201c, \u00fcberzeugend lyrisch und ber\u00fchrend ihr Fronleichnamshymnus \u201eO Salutaris Hostia\u201c.<\/p>\n<p><a href=\"http:\/\/www.deropernfreund.de\/\">http:\/\/<strong><em>www.deropernfreund.de<\/em>\/<\/strong><\/a><\/p>\n<p>&nbsp;<\/p>\n<p><strong><u>Weihnachtsoratorium <\/u><\/strong><\/p>\n<p>\u201eAnna Herbst (Sopran) m\u00fchelos auch in anspruchsvollsten Koloraturen.\u201c<\/p>\n<p><strong><em>L\u00fcneburger Landeszeitung<\/em><\/strong><\/p>\n<p>&nbsp;<\/p>\n<p><strong><u>Mendelssohn Psalm 42<\/u><\/strong><\/p>\n<p>Nach der Pause bildete die gro\u00dfe Kantate auf den Text des 42. Psalms, &#8220;Wie der Hirsch schreit&#8221; den H\u00f6hepunkt des Abends. Auch hier gestaltete Anna Herbst ihren Part ausgezeichnet, vom Chor stimmgewaltig kontrastiert.<\/p>\n<p><strong>K\u00f6lner Stadtanzeiger<\/strong><\/p>\n<p><strong>\u00a0<\/strong><strong>\u00a0<\/strong><\/p>\n<p><strong><u>K\u00f6lner Zentrum f\u00fcr Alte Musik<\/u><\/strong><\/p>\n<p>\u201eIn einem &#8220;Barocken Sch\u00e4ferst\u00fcndchen&#8221; entz\u00fcckte die junge K\u00f6lner Operns\u00e4ngerin Anna Herbst mit Arien von Bach. Ihr frischer und nuancenreicher Sopran war eine Entdeckung\u201c.<\/p>\n<p><strong><em>K\u00f6lner Stadtanzeiger<\/em><\/strong><\/p>\n<p>&nbsp;<\/p>\n<p><strong><u>Carmina Burana:<br \/>\n<\/u><\/strong>Anna Herbst (Sopran) eindrucksvoll gestaltend. Der tosende Beifall und die Standing Ovations zum Schluss haben das eindrucksvoll bewiesen.\u201c<\/p>\n<p><strong><em>Holsteinische Landeszeitung<\/em><\/strong><\/p>\n<p><em>\u00a0<\/em><\/p>\n<p><strong><u>Neujahrskonzert<br \/>\n<\/u><\/strong>\u201eSopranistin Anna Herbst (eine fr\u00fchlingshafte Stimme) sang mit sch\u00f6ner H\u00f6he und angenehmem Timbre.\u201c <strong><u><br \/>\n<\/u><em>K\u00f6lner Stadtanzeiger <\/em><\/strong><\/p>\n<p><strong>\u00a0<\/strong><\/p>\n<p><strong><u>Urauff\u00fchrungen im Domforum<\/u><\/strong><\/p>\n<p>Den Anfang macht Ralf Soiron mit seinen <em>Liedern des Bewusstseins<\/em>, die von Anna Herbst vorgetragen werden. Die S\u00e4ngerin l\u00e4sst sich auf die mitunter modernistische Stimmf\u00fchrung ein und geht zwanglos, aber kraftvoll in die H\u00f6he, ohne an Textverst\u00e4ndlichkeit zu verlieren.<\/p>\n<p><strong><em>O-Ton Kulturmagazin<\/em><\/strong><\/p>\n<p><strong>\u00a0<\/strong><\/p>\n<p><strong><u>Internationales Festival \u201eDein Lied\u201c<br \/>\n<\/u><\/strong>\u201eAnna Herbst verstr\u00f6mte barocke Anmut und einen die Brust durchrauschenden Klanggenius intensiv empfundener Interpretationen\u201c<\/p>\n<p><strong>Fr\u00e4nkische Landeszeitung<\/strong><\/p>\n<p><strong>\u00a0<\/strong><\/p>\n<p><strong><u>ETA Hoffmann\u2019s Oper \u00abLiebe und Eifersucht\u00bb <\/u><\/strong><\/p>\n<p>\u201eBeachtliches s\u00e4ngerisches und schauspielerisches K\u00f6nnen zeigen die beiden Schwestern Silvia (Anna Herbst) und Stella (Madeleine Merz), die beide um die Gunst Enricos k\u00e4mpfen.\u201c<\/p>\n<p><strong><em>Neue Z\u00fcricher Zeitung<\/em><\/strong><\/p>\n","protected":false},"excerpt":{"rendered":"<div class=\"entry-summary\">\nDie Sch\u00f6pfung \u201eEs war ein Vergn\u00fcgen zu erleben, wie Sopranistin Anna Herbst&hellip;\n<\/div>\n<div class=\"link-more\"><a href=\"https:\/\/annaherbst.com\/en\/presse\/\" class=\"more-link\">Continue reading<span class=\"screen-reader-text\"> &ldquo;Presse&rdquo;<\/span>&hellip;<\/a><\/div>\n","protected":false},"author":1,"featured_media":0,"parent":0,"menu_order":0,"comment_status":"closed","ping_status":"closed","template":"","meta":{"footnotes":""},"class_list":["post-1834","page","type-page","status-publish","hentry","entry"],"translation":{"provider":"WPGlobus","version":"2.12.2","language":"en","enabled_languages":["de","en"],"languages":{"de":{"title":true,"content":true,"excerpt":false},"en":{"title":false,"content":false,"excerpt":false}}},"acf":[],"_links":{"self":[{"href":"https:\/\/annaherbst.com\/en\/wp-json\/wp\/v2\/pages\/1834","targetHints":{"allow":["GET"]}}],"collection":[{"href":"https:\/\/annaherbst.com\/en\/wp-json\/wp\/v2\/pages"}],"about":[{"href":"https:\/\/annaherbst.com\/en\/wp-json\/wp\/v2\/types\/page"}],"author":[{"embeddable":true,"href":"https:\/\/annaherbst.com\/en\/wp-json\/wp\/v2\/users\/1"}],"replies":[{"embeddable":true,"href":"https:\/\/annaherbst.com\/en\/wp-json\/wp\/v2\/comments?post=1834"}],"version-history":[{"count":2,"href":"https:\/\/annaherbst.com\/en\/wp-json\/wp\/v2\/pages\/1834\/revisions"}],"predecessor-version":[{"id":2017,"href":"https:\/\/annaherbst.com\/en\/wp-json\/wp\/v2\/pages\/1834\/revisions\/2017"}],"wp:attachment":[{"href":"https:\/\/annaherbst.com\/en\/wp-json\/wp\/v2\/media?parent=1834"}],"curies":[{"name":"wp","href":"https:\/\/api.w.org\/{rel}","templated":true}]}}